{"id":15424,"date":"2023-08-28T08:00:27","date_gmt":"2023-08-28T08:00:27","guid":{"rendered":"https:\/\/www.ause.eu\/?page_id=15424"},"modified":"2023-08-29T09:40:07","modified_gmt":"2023-08-29T09:40:07","slug":"statuto","status":"publish","type":"page","link":"https:\/\/www.ause.eu\/en\/statuto\/","title":{"rendered":"Statuto"},"content":{"rendered":"<div class=\"wpb-content-wrapper\"><p>[vc_row css_animation=&#8221;&#8221; row_type=&#8221;row&#8221; use_row_as_full_screen_section=&#8221;no&#8221; type=&#8221;full_width&#8221; angled_section=&#8221;no&#8221; text_align=&#8221;left&#8221; background_image_as_pattern=&#8221;without_pattern&#8221;][vc_column][vc_separator type=&#8221;normal&#8221; thickness=&#8221;2&#8243; down=&#8221;30&#8243;][vc_column_text]\u00abAssociazione Universitaria di Studi Europei (A.U.S.E.)\u00bb<\/p>\n<p>&nbsp;<\/p>\n<h3><strong>Denominazione &#8211; Scopo &#8211; Sede &#8211; Durata<br \/>\n<\/strong><\/h3>\n<p>&nbsp;<\/p>\n<h6>Articolo 1<\/h6>\n<p>\u00c8 costituita una Associazione ai sensi degli articoli 36 e seguenti del Codice Civile denominata: \u00abAssociazione Universitaria di Studi Europei (A.U.S.E.)\u00bb<\/p>\n<h6>Articolo 2<\/h6>\n<p>L\u2019Associazione si propone di:<br \/>\na) promuovere la ricerca e l\u2019insegnamento a livello universitario con riferimento agli aspetti giuridici, politici, sociali, economici e storici dell\u2019organizzazione, del funzionamento e dello sviluppo dei processi e delle istituzioni di integrazione e unificazione europea;<br \/>\nb) cooperare con analoghe associazioni ed istituzioni pubbliche e private operanti in Italia, in Europa e negli altri continenti, in particolare con la European Community Studies Association (ECSA World) e la comunit\u00e0 accademica Jean Monnet;<br \/>\nc) promuovere e organizzare seminari di studio e conferenze;<br \/>\nd) incoraggiare la pubblicazione di opere scientifiche in materia;<br \/>\ne) favorire la creazione di centri di documentazione, gruppi di studio e di ricerca; organizzare concorsi e borse di studio; istituire premi e ricompense;<\/p>\n<h6>Articolo 3<\/h6>\n<p>\u00c8 escluso dalle finalit\u00e0 dell\u2019Associazione qualsiasi scopo di lucro. \u00c8 inoltre esclusa qualsiasi attivit\u00e0 commerciale.<\/p>\n<h6>Articolo 4<\/h6>\n<p>Il domicilio fiscale e la sede legale dell\u2019Associazione vengono fissate presso la sede del Presidente pro-tempore.<\/p>\n<h6>Articolo 5<\/h6>\n<p>L\u2019Associazione ha durata illimitata.<\/p>\n<p>&nbsp;<\/p>\n<h3><strong>Soci<\/strong><\/h3>\n<p>&nbsp;<\/p>\n<h6>Articolo 6<\/h6>\n<p>L\u2019Associazione \u00e8 costituita da soci fondatori, ordinari, sostenitori e onorari.<br \/>\nSono soci fondatori le persone fisiche che hanno partecipato alla costituzione.<br \/>\nPossono essere ammessi all\u2019Associazione quali soci ordinari, docenti e ricercatori universitari, nonch\u00e9 studiosi operanti nel campo dell\u2019integrazione e unificazione europea, presentati da due soci e che abbiano ottenuto il gradimento del Consiglio direttivo espresso a maggioranza degli aventi diritto.<br \/>\nIl Consiglio stabilisce annualmente l\u2019ammontare delle quote associative.<br \/>\nLe persone fisiche e giuridiche ed altri enti che versano una quota annuale non inferiore a dieci volte la quota fissata dal Consiglio direttivo per i soci ordinari, potranno essere ammessi a far parte dell\u2019Associazione secondo le modalit\u00e0 di cui al terzo comma del presente articolo e riceveranno la qualifica di soci sostenitori.<br \/>\nIl Consiglio direttivo pu\u00f2 attribuire il titolo di socio onorario alle persone che rendono o che abbiano reso servizio particolare all\u2019Associazione, nonch\u00e9 a studiosi di chiara fama nel campo dell\u2019integrazione europea.<br \/>\nI soci onorari non sono tenuti al pagamento della quota.<br \/>\nI soci hanno tutti uguali diritti e non assumono alcuna responsabilit\u00e0 oltre l\u2019importo delle rispettive quote.<br \/>\n\u00c8 escluso qualsiasi rimborso ai soci in caso di recesso.<\/p>\n<p>&nbsp;<\/p>\n<h3><\/h3>\n<h3><strong>Patrimonio<\/strong><\/h3>\n<p>&nbsp;<\/p>\n<h6>Articolo 7<\/h6>\n<p>L\u2019Associazione trae i mezzi per conseguire i propri scopi:<br \/>\na) dalle quote dei soci;<br \/>\nb) dai contributi pubblici, privati, comunitari, sia occasionali che periodici;<br \/>\nc) da eventuali sopravvenienze attive che emergessero a seguito dell\u2019effettuazione di lavori, studi e ricerche.<\/p>\n<p>&nbsp;<\/p>\n<h3><\/h3>\n<h3><strong>Organi<\/strong><\/h3>\n<h6>Articolo 8<\/h6>\n<p>Sono organi dell\u2019Associazione:<br \/>\na) l\u2019Assemblea dei soci;<br \/>\nb) il Consiglio direttivo;<br \/>\nc) il Presidente;<br \/>\nd) il Segretario Generale;<br \/>\ne) il Comitato dei Garanti;<br \/>\nf) il Revisore dei Conti.<br \/>\nTutte le cariche sono gratuite.<br \/>\nTuttavia il Consiglio potr\u00e0 attribuire al Segretario Generale una indennit\u00e0 annuale.<\/p>\n<p>&nbsp;<\/p>\n<h3><\/h3>\n<h3><strong>Assemblea<\/strong><\/h3>\n<p>&nbsp;<\/p>\n<h6>Articolo 9<\/h6>\n<p>L\u2019Assemblea \u00e8 costituita dai soci fondatori, ordinari, sostenitori e onorari ed \u00e8 convocata almeno una volta all\u2019anno dal Presidente.<br \/>\nL\u2019Assemblea \u00e8 inoltre convocata ogni qualvolta il Presidente o un terzo dei membri del Consiglio direttivo lo ritenga opportuno.<\/p>\n<h6>Articolo 10<\/h6>\n<p>Le convocazioni dell\u2019Assemblea sono fatte mediante lettera o messaggio di posta elettronica spediti a ciascuno dei soci almeno quindici giorni prima di quello fissato per la riunione.<\/p>\n<h6>Articolo 11<\/h6>\n<p>Sono di competenza dell\u2019Assemblea:<br \/>\na) l\u2019approvazione della relazione del Presidente sull\u2019attivit\u00e0 svolta dall\u2019Associazione;<br \/>\nb) l\u2019approvazione del rendiconto del Segretario Generale;<br \/>\nc) l\u2019elezione del Consiglio direttivo e dei Membri eletti del Comitato dei Garanti;<br \/>\nd) l\u2019elezione del Revisore su proposta del Consiglio direttivo;<br \/>\ne) le altre delibere attinenti alla attivit\u00e0 della Associazione, ad essa sottoposte dal Consiglio;<br \/>\nf) le eventuali modifiche dello statuto e lo scioglimento dell\u2019Associazione.<\/p>\n<h6>Articolo 12<\/h6>\n<p>Ogni socio, quale che ne sia la categoria di appartenenza ha diritto ad un voto e pu\u00f2 farsi rappresentare da altro socio mediante delega scritta. Ciascun socio non pu\u00f2 rappresentare per delega pi\u00f9 di cinque soci.<br \/>\nL\u2019Assemblea \u00e8 validamente costituita in prima convocazione con la presenza o rappresentanza di almeno la met\u00e0 del numero complessivo dei soci; in seconda convocazione qualunque sia il numero dei soci intervenuti o rappresentati.<br \/>\nLe deliberazioni sono prese a maggioranza assoluta dei votanti, salvo per le elezioni delle cariche sociali per le quali \u00e8 sufficiente la maggioranza relativa.<\/p>\n<h6>Articolo 13<\/h6>\n<p>Per le modifiche al presente statuto e per lo scioglimento dell\u2019Associazione \u00e8 richiesto il voto favorevole di almeno la met\u00e0 dei soci in regola con le quote sociali.<\/p>\n<p>&nbsp;<\/p>\n<h3><\/h3>\n<h3><strong>Consiglio direttivo<\/strong><\/h3>\n<p>&nbsp;<\/p>\n<h6>Articolo 14<\/h6>\n<p>II Consiglio direttivo \u00e8 composto di un numero di membri variabile da sette a quindici eletti dall\u2019Assemblea con almeno un rappresentante per ciascuna delle cinque aree disciplinari di cui all\u2019art. 2 del presente statuto.<br \/>\nIl Consiglio dura in carica tre anni.<br \/>\nI Consiglieri sono rieleggibili. In caso di cessazione di un Consigliere nel corso dell\u2019esercizio \u00e8 in facolt\u00e0 del Consiglio stesso di cooptare il sostituto che rimarr\u00e0 in carica sino alla prossima Assemblea.<br \/>\nLe riunioni sono convocate con avviso contenente l\u2019ordine del giorno spedito almeno sette giorni prima dell\u2019adunanza (salvi i casi di urgenza) e sono presiedute dal Presidente o in mancanza dal membro del Consiglio designato dagli intervenuti.<br \/>\nIl Consiglio \u00e8 validamente costituito con la presenza di almeno la met\u00e0 dei suoi componenti e delibera a maggioranza dei presenti. Esso \u00e8 convocato dal Presidente su iniziativa sua o su richiesta di almeno un terzo dei membri del medesimo.<br \/>\nIn caso di parit\u00e0 prevale il voto di chi presiede.<br \/>\nIl Consiglio elegge fra i suoi membri per un triennio il Presidente e il Segretario Generale, cui pu\u00f2 decidere di affiancare un Segretario Generale aggiunto. Il Presidente e il Segretario Generale sono rieleggibili.<\/p>\n<h6>Articolo 15<\/h6>\n<p>Al Consiglio \u00e8 affidata la gestione ordinaria e straordinaria dell\u2019Associazione, la-promozione e l\u2019organizzazione dell\u2019attivit\u00e0 sociale, l\u2019ammissione dei nuovi soci, la erogazione dei mezzi di cui dispone l\u2019Associazione per il raggiungimento dei fini di cui al presente statuto.<br \/>\nIl Consiglio determina l\u2019ammontare delle quote sociali. Il Consiglio pu\u00f2 delegare parte dei suoi poteri ad uno o pi\u00f9 dei suoi membri.<\/p>\n<p>&nbsp;<\/p>\n<h3><\/h3>\n<h3><strong>Presidente<\/strong><\/h3>\n<p>&nbsp;<\/p>\n<h6>Articolo 16<\/h6>\n<p>Al Presidente spetta la legale rappresentanza dell\u2019Associazione, con firma libera, con facolt\u00e0 di nominare procuratori alle liti o ad negotia.<br \/>\nIl Presidente pu\u00f2 designare, tra i Membri del Consiglio, uno o pi\u00f9 Vice Presidenti con la funzione di sostituirlo nella gestione ordinaria in caso di impedimento temporaneo e di coadiuvarlo nell\u2019esercizio delle sue funzioni. Le cariche di Vice Presidente decadono al termine del mandato del Presidente o in caso di sua cessazione dall\u2019incarico. Nel caso di cessazione anzi tempore dall\u2019incarico del Presidente, il Decano del Comitato dei Garanti presiede e convoca il Consiglio per l\u2019elezione del nuovo Presidente, che rimane in carica sino alla scadenza del Consiglio direttivo.<\/p>\n<p>&nbsp;<\/p>\n<h3><\/h3>\n<h3><strong>Segretario Generale<\/strong><\/h3>\n<p>&nbsp;<\/p>\n<h6>Articolo 17<\/h6>\n<p>Il Segretario Generale, nelle cui funzioni sono presenti anche quelle di Tesoriere, cura l\u2019esecuzione delle delibere del Consiglio e la gestione ordinaria dell\u2019Associazione. Esercita le altre funzioni eventualmente delegategli dal Consiglio e dal Presidente.<br \/>\nIl Segretario Generale riferisce annualmente alla Assemblea sulla gestione economica dell\u2019Associazione e compila il rendiconto al 31 dicembre di ogni anno da sottoporre all\u2019approvazione dell\u2019Assemblea.<br \/>\nIl Segretario Generale aggiunto coadiuva il Segretario Generale operando secondo le sue direttive.<\/p>\n<p>&nbsp;<\/p>\n<h3><\/h3>\n<h3><strong>Il Comitato dei Garanti<\/strong><\/h3>\n<p>&nbsp;<\/p>\n<h6>Articolo 18<\/h6>\n<p>Il Comitato dei Garanti \u00e8 composto dagli ex presidenti dell\u2019AUSE in quanto membri di diritto. Su proposta del Consiglio Direttivo, la partecipazione al Comitato dei Garanti pu\u00f2 essere estesa ad altri membri scelti fra studiosi di chiara fama e soci che abbiano svolto compiti di direzione di Centri Europei. L\u2019elezione spetta all\u2019Assemblea dei Soci. I membri eletti restano in carica per un mandato triennale, rinnovabile.<br \/>\nIl Comitato dei Garanti si esprime in base a parere collegiale. I suoi membri ricoprono il ruolo di probiviri dell\u2019Associazione e di garanti dell\u2019attivit\u00e0 scientifica.<br \/>\nIl Comitato dei Garanti esprime parere obbligatorio sulle candidature agli organi dell\u2019Associazione.<br \/>\nI membri del Comitato dei Garanti non possono far parte del Consiglio direttivo.<\/p>\n<p>&nbsp;<\/p>\n<h3><\/h3>\n<h3><strong>Il Revisore dei Conti<\/strong><\/h3>\n<p>&nbsp;<\/p>\n<h6>Articolo 19<\/h6>\n<p>Il Revisore dei Conti esercita le funzioni di controllo contabile dell\u2019Associazione e ne riferisce all\u2019Assemblea. Resta in carica tre anni ed \u00e8 rieleggibile.<\/p>\n<p>&nbsp;<\/p>\n<h3><\/h3>\n<h3><strong>Scioglimento<\/strong><\/h3>\n<p>&nbsp;<\/p>\n<h6>Articolo 20<\/h6>\n<p>In caso di scioglimento dell\u2019Associazione, o comunque di sua cessazione per qualsiasi causa, l\u2019eventuale patrimonio residuo sar\u00e0 devoluto per gli scopi dell\u2019Associazione o scopi affini, escluso in ogni caso qualsiasi rimborso ai soci[\/vc_column_text][\/vc_column][\/vc_row][vc_row css_animation=&#8221;&#8221; row_type=&#8221;row&#8221; use_row_as_full_screen_section=&#8221;no&#8221; type=&#8221;full_width&#8221; angled_section=&#8221;no&#8221; text_align=&#8221;left&#8221; background_image_as_pattern=&#8221;without_pattern&#8221;][vc_column][vc_separator type=&#8221;normal&#8221; thickness=&#8221;2&#8243; up=&#8221;30&#8243; down=&#8221;30&#8243;][\/vc_column][\/vc_row]<\/p>\n<\/div>","protected":false},"excerpt":{"rendered":"<p>[vc_row css_animation=&#8221;&#8221; row_type=&#8221;row&#8221; use_row_as_full_screen_section=&#8221;no&#8221; type=&#8221;full_width&#8221; angled_section=&#8221;no&#8221; text_align=&#8221;left&#8221; background_image_as_pattern=&#8221;without_pattern&#8221;][vc_column][vc_separator type=&#8221;normal&#8221; thickness=&#8221;2&#8243; down=&#8221;30&#8243;][vc_column_text]\u00abAssociazione Universitaria di Studi Europei (A.U.S.E.)\u00bb &nbsp; Denominazione &#8211; Scopo &#8211; Sede &#8211; Durata &nbsp; Articolo 1 \u00c8 costituita una Associazione ai sensi degli articoli 36 e seguenti del Codice Civile denominata: \u00abAssociazione Universitaria di&#8230;<\/p>\n","protected":false},"author":15,"featured_media":0,"parent":0,"menu_order":0,"comment_status":"closed","ping_status":"closed","template":"","meta":{"footnotes":""},"class_list":["post-15424","page","type-page","status-publish","hentry"],"_links":{"self":[{"href":"https:\/\/www.ause.eu\/en\/wp-json\/wp\/v2\/pages\/15424","targetHints":{"allow":["GET"]}}],"collection":[{"href":"https:\/\/www.ause.eu\/en\/wp-json\/wp\/v2\/pages"}],"about":[{"href":"https:\/\/www.ause.eu\/en\/wp-json\/wp\/v2\/types\/page"}],"author":[{"embeddable":true,"href":"https:\/\/www.ause.eu\/en\/wp-json\/wp\/v2\/users\/15"}],"replies":[{"embeddable":true,"href":"https:\/\/www.ause.eu\/en\/wp-json\/wp\/v2\/comments?post=15424"}],"version-history":[{"count":12,"href":"https:\/\/www.ause.eu\/en\/wp-json\/wp\/v2\/pages\/15424\/revisions"}],"predecessor-version":[{"id":15580,"href":"https:\/\/www.ause.eu\/en\/wp-json\/wp\/v2\/pages\/15424\/revisions\/15580"}],"wp:attachment":[{"href":"https:\/\/www.ause.eu\/en\/wp-json\/wp\/v2\/media?parent=15424"}],"curies":[{"name":"wp","href":"https:\/\/api.w.org\/{rel}","templated":true}]}}