{"id":15667,"date":"2023-10-16T14:22:25","date_gmt":"2023-10-16T14:22:25","guid":{"rendered":"https:\/\/www.ause.eu\/?page_id=15667"},"modified":"2023-11-21T13:43:33","modified_gmt":"2023-11-21T13:43:33","slug":"link","status":"publish","type":"page","link":"https:\/\/www.ause.eu\/en\/link\/","title":{"rendered":"Link"},"content":{"rendered":"<div class=\"wpb-content-wrapper\"><p>[vc_row css_animation=&#8221;&#8221; row_type=&#8221;row&#8221; use_row_as_full_screen_section=&#8221;no&#8221; type=&#8221;full_width&#8221; angled_section=&#8221;no&#8221; text_align=&#8221;left&#8221; background_image_as_pattern=&#8221;without_pattern&#8221;][vc_column][vc_separator type=&#8221;normal&#8221; thickness=&#8221;2&#8243; down=&#8221;30&#8243;][vc_column_text]<\/p>\n<p style=\"font-weight: 400;\"><b><strong>European Community Studies Associations (ECSA)<\/strong><\/b><\/p>\n<p style=\"font-weight: 400;\"><a href=\"http:\/\/www.ecsaworld.eu\/\">European Community Studies Association (ECSA)<\/a><\/p>\n<p style=\"font-weight: 400;\"><a href=\"http:\/\/www.ecsaworld.eu\/the-ecsa-members\">ECSA Members<\/a><\/p>\n<p style=\"font-weight: 400;\"><b><strong><br \/>\nUnione Europea<\/strong><\/b><\/p>\n<p style=\"font-weight: 400;\"><a href=\"http:\/\/europa.eu\/index_it.htm\">Sito ufficiale dell&#8217;Unione Europea<\/a><\/p>\n<p style=\"font-weight: 400;\"><a href=\"http:\/\/eacea.ec.europa.eu\/llp\/jean_monnet\/jean_monnet_en.php\">Jean Monnet Programme<\/a><\/p>\n<p style=\"font-weight: 400;\"><a href=\"http:\/\/eacea.ec.europa.eu\/index.htm\">Education, Audiovisual and Culture Executive Agency (EACEA)<\/a><\/p>\n<p style=\"font-weight: 400;\"><a href=\"http:\/\/ec.europa.eu\/italy\/index_it.htm\">Commissione europea &#8211; Rappresentanza in Italia<\/a><\/p>\n<p style=\"font-weight: 400;\"><a href=\"http:\/\/www.europarl.it\/\">Ufficio d&#8217;informazione del Parlamento europeo<\/a><\/p>\n<p style=\"font-weight: 400;\"><a href=\"http:\/\/ec.europa.eu\/eurostat\">Eurostat<\/a><\/p>\n<p style=\"font-weight: 400;\"><b><strong><br \/>\nFondazioni europee<\/strong><\/b><\/p>\n<p style=\"font-weight: 400;\"><a href=\"http:\/\/www.jean-monnet.ch\/\">Fondation Jean Monnet pour l&#8217;Europe<\/a><\/p>\n<p style=\"font-weight: 400;\"><a href=\"http:\/\/www.kas.de\/1641_webseite.html\">Konrad Adenauer Foundation<\/a><\/p>\n<p style=\"font-weight: 400;\"><a href=\"http:\/\/www.fondazionedegasperi.org\">Fondazione Alcide De Gasperi<\/a><\/p>\n<p style=\"font-weight: 400;\"><a href=\"http:\/\/www.robert-schuman.eu\/\">Fondation Robert Schuman<\/a><\/p>\n<p style=\"font-weight: 400;\"><a href=\"http:\/\/www.cvce.eu\/\">Centre Virtuel de la Connaissaince sur l&#8217;Europe &#8211; CVCE<\/a><\/p>\n<p style=\"font-weight: 400;\"><b><strong><br \/>\nFonti<\/strong><\/b><\/p>\n<p style=\"font-weight: 400;\"><a href=\"http:\/\/www.eui.eu\/Research\/HistoricalArchivesOfEU\/Index.aspx\">Archivi Storici dell&#8217;Unione Europea<\/a><\/p>\n<p style=\"font-weight: 400;\"><a href=\"http:\/\/eur-lex.europa.eu\/it\/index.htm\">Eur-Lex<\/a><\/p>\n<p style=\"font-weight: 400;\"><a href=\"http:\/\/ec.europa.eu\/public_opinion\/index_en.htm\">Eurobarometro<\/a><\/p>\n<p style=\"font-weight: 400;\"><b><strong><br \/>\nCentri di formazione<\/strong><\/b><\/p>\n<p style=\"font-weight: 400;\"><a href=\"http:\/\/www.eui.eu\/Home.aspx\">Istituto Universitario Europeo di Firenze (IUE)<\/a><\/p>\n<p style=\"font-weight: 400;\"><a href=\"http:\/\/www.coleurop.be\/\">College of Europe &#8211; Bruges<\/a><\/p>\n<p style=\"font-weight: 400;\"><a href=\"http:\/\/www.natolin.edu.pl\/\">Centrum Europejskie Natolin<\/a><\/p>\n<p style=\"font-weight: 400;\"><a href=\"http:\/\/www.europeancollege.it\/\">Collegio europeo di Parma<\/a><\/p>\n<p style=\"font-weight: 400;\"><a href=\"http:\/\/iuse.it\/\">Istituto Universitario di Studi Europei (IUSE)<\/a><\/p>\n<p style=\"font-weight: 400;\"><b><strong><br \/>\nCentri di ricerca e documentazione sull&#8217;UE<\/strong><\/b><\/p>\n<p style=\"font-weight: 400;\"><a href=\"http:\/\/www.cdeita.it\/\">Rete italiana dei Centri di Documentazione Europea (CDE)<\/a><\/p>\n<p style=\"font-weight: 400;\"><a href=\"http:\/\/www.cdeita.it\/node\/19\">I CDE in Italia<\/a><\/p>\n<p style=\"font-weight: 400;\"><a href=\"http:\/\/www.cde-genova.unige.it\/\">Il CDE di Genova<\/a><\/p>\n<p style=\"font-weight: 400;\"><a href=\"http:\/\/www.istitutospinelli.org\/\">Centro Altiero Spinelli<\/a><\/p>\n<p>&nbsp;<\/p>\n<p style=\"font-weight: 400;\"><a href=\"http:\/\/www.crie.unisi.it\/\">Centro di Ricerca sull&#8217;Integrazione Europea (CRIE)<\/a><\/p>\n<p style=\"font-weight: 400;\"><a href=\"http:\/\/www.centrodirittiumani.unipd.it\/\">Centro interdipartimentale di ricerca e servizi sui diritti della persona e dei popoli<\/a><\/p>\n<p style=\"font-weight: 400;\"><a href=\"http:\/\/www.csfederalismo.it\/index.php\">Centro Studi sul Federalismo (CSF)<\/a><\/p>\n<p><a href=\"http:\/\/www.federalism-bulletin.eu\/User\/\">Il CSF pubblica regolarmente un bollettino bibliografico alla pagina<\/a><\/p>\n<p style=\"font-weight: 400;\"><a href=\"http:\/\/www.puntoeuropa.eu\">Europe Direct Punto Europa Forl\u00ec<\/a><\/p>\n<p style=\"font-weight: 400;\"><a href=\"http:\/\/eclipse.lett.unitn.it\/\">Progetto europeo ECLIPSE<\/a><\/p>\n<div class=\"page\" title=\"Page 3\">\n<div class=\"section\">\n<div class=\"layoutArea\">\n<div class=\"column\">\n<p><a href=\"http:\/\/unipd-centrodirittiumani.it\">Centro di Ateneo per i Diritti Umani<\/a><\/p>\n<p><a href=\"http:\/\/www.movimentoeuropeo.eu\">Consiglio Italiano del Movimento Europeo &#8211; CIME<\/a><\/p>\n<div class=\"page\" title=\"Page 3\">\n<div class=\"section\">\n<div class=\"layoutArea\">\n<div class=\"column\">\n<p>&nbsp;<\/p>\n<p><strong>Dottorati di Ricerca<\/strong><\/p>\n<p>&nbsp;<\/p>\n<p><a href=\"https:\/\/studieuropei.dottorato.unige.it\"><b>Dottorato di interesse nazionale in Studi Europei<\/b><\/a><\/p>\n<p>Dottorato di interesse nazionale in &#8220;Studi Europei&#8221;<\/p>\n<p><a href=\"http:\/\/phdstoria.unipv.eu\/site\/home\/articolo920001496.html\"><b>Storia, Curriculum: Societ\u00e0, politica e istituzioni in et\u00e0 moderna e contemporanea<\/b><\/a><b><br \/>\n<\/b>Universit\u00e0 degli Studi di Pavia<\/p>\n<p>&nbsp;<\/p>\n<p><a href=\"http:\/\/www.dsg.univr.it\/?ent=cs&amp;id=625&amp;tcs=DR\"><b>Scienze Giuridiche Europee ed internazionali<\/b><\/a><\/p>\n<p>Universit\u00e0 degli studi di Verona<\/p>\n<p>&nbsp;<\/p>\n<p><a href=\"http:\/\/www.cirde.unibo.it\/it\/dottorato\/\"><b>Diritto Europeo, Curricula: Diritto dell\u2019Unione Europea; Diritto ed Economia Europea<\/b><\/a><\/p>\n<p>Universit\u00e0 degli Studi di Bologna &#8211; Convenzione di doppio titolo con l\u2019Universit\u00e0 di Strasburgo<\/p>\n<p>&nbsp;<\/p>\n<p><a href=\"http:\/\/www.unife.it\/studenti\/dottorato\/corsi\/riforma\/diritto\"><b>Diritto dell\u2019UE e ordinamenti nazionali<\/b><\/a><\/p>\n<p>Universit\u00e0 degli Studi di Ferrara<\/p>\n<p>&nbsp;<\/p>\n<p><a href=\"http:\/\/www.eui.eu\/DepartmentsAndCentres\/HistoryAndCivilization\/DoctoralProgramme\/Index.aspx\"><b>History and Civilization<\/b><\/a><\/p>\n<p>European University Institute, Firenze<\/p>\n<p>&nbsp;<\/p>\n<p><a href=\"http:\/\/www.dsps.unifi.it\/vp-232-phd-in-political-science-european-politics-and-international-relations.html\"><b>Political science, European Politics and International Relations<\/b><\/a><\/p>\n<p>Universit\u00e0 degli Studi di Firenze<\/p>\n<p>&nbsp;<\/p>\n<p><a href=\"http:\/\/www.santannapisa.it\/it\/formazione\/political-science-european-politics-and-international-relations?ID_LINK=13562&amp;area=199\"><b>Political science, European Politics and International Relations<\/b><\/a><\/p>\n<p>Scuola Superiore Sant\u2019Anna di Pisa, Universit\u00e0 degli studi di Siena, Universit\u00e0 degli studi di Firenze e Universit\u00e0 degli studi di Pisa<\/p>\n<p>&nbsp;<\/p>\n<\/div>\n<\/div>\n<\/div>\n<\/div>\n<\/div>\n<\/div>\n<\/div>\n<\/div>\n<p>[\/vc_column_text][vc_separator type=&#8221;normal&#8221; thickness=&#8221;2&#8243; down=&#8221;30&#8243;][\/vc_column][\/vc_row]<\/p>\n<\/div>","protected":false},"excerpt":{"rendered":"<p>[vc_row css_animation=&#8221;&#8221; row_type=&#8221;row&#8221; use_row_as_full_screen_section=&#8221;no&#8221; type=&#8221;full_width&#8221; angled_section=&#8221;no&#8221; text_align=&#8221;left&#8221; background_image_as_pattern=&#8221;without_pattern&#8221;][vc_column][vc_separator type=&#8221;normal&#8221; thickness=&#8221;2&#8243; down=&#8221;30&#8243;][vc_column_text] European Community Studies Associations (ECSA) European Community Studies Association (ECSA) ECSA Members Unione Europea Sito ufficiale dell&#8217;Unione Europea Jean Monnet Programme Education, Audiovisual and Culture Executive Agency (EACEA) Commissione europea &#8211; Rappresentanza in Italia&#8230;<\/p>\n","protected":false},"author":15,"featured_media":0,"parent":0,"menu_order":0,"comment_status":"closed","ping_status":"closed","template":"","meta":{"footnotes":""},"class_list":["post-15667","page","type-page","status-publish","hentry"],"_links":{"self":[{"href":"https:\/\/www.ause.eu\/en\/wp-json\/wp\/v2\/pages\/15667","targetHints":{"allow":["GET"]}}],"collection":[{"href":"https:\/\/www.ause.eu\/en\/wp-json\/wp\/v2\/pages"}],"about":[{"href":"https:\/\/www.ause.eu\/en\/wp-json\/wp\/v2\/types\/page"}],"author":[{"embeddable":true,"href":"https:\/\/www.ause.eu\/en\/wp-json\/wp\/v2\/users\/15"}],"replies":[{"embeddable":true,"href":"https:\/\/www.ause.eu\/en\/wp-json\/wp\/v2\/comments?post=15667"}],"version-history":[{"count":8,"href":"https:\/\/www.ause.eu\/en\/wp-json\/wp\/v2\/pages\/15667\/revisions"}],"predecessor-version":[{"id":15797,"href":"https:\/\/www.ause.eu\/en\/wp-json\/wp\/v2\/pages\/15667\/revisions\/15797"}],"wp:attachment":[{"href":"https:\/\/www.ause.eu\/en\/wp-json\/wp\/v2\/media?parent=15667"}],"curies":[{"name":"wp","href":"https:\/\/api.w.org\/{rel}","templated":true}]}}