{"id":3,"date":"2023-02-23T16:36:06","date_gmt":"2023-02-23T16:36:06","guid":{"rendered":"https:\/\/www.ause.eu\/?page_id=3"},"modified":"2023-11-06T11:28:19","modified_gmt":"2023-11-06T11:28:19","slug":"privacy-policy","status":"publish","type":"page","link":"https:\/\/www.ause.eu\/en\/privacy-policy\/","title":{"rendered":"Privacy Policy"},"content":{"rendered":"<div class=\"wpb-content-wrapper\"><p>[vc_row css_animation=&#8221;&#8221; row_type=&#8221;row&#8221; use_row_as_full_screen_section=&#8221;no&#8221; type=&#8221;full_width&#8221; angled_section=&#8221;no&#8221; text_align=&#8221;left&#8221; background_image_as_pattern=&#8221;without_pattern&#8221;][vc_column width=&#8221;2\/3&#8243;][vc_column_text]<\/p>\r\n<h2 class=\"gmail-wp-block-heading wp-block-heading\"><strong>INFORMATIVA PRIVACY<\/strong>\u00a0<strong>AI SENSI DEGLI ARTT. 13 E 14 DEL REG. (UE) N. 2016\/679 (\u201cGDPR\u201d)<\/strong><\/h2>\r\n<p>&nbsp;<\/p>\r\n<p>Il trattamento dei dati personali degli utenti che consultano il sito <a href=\"http:\/\/www.ause.eu\/\">www.ause.eu<\/a> (di seguito \u201cSito\u201d) \u00e8 improntato ai principi di correttezza, liceit\u00e0 e trasparenza.<\/p>\r\n<p>L\u2019Informativa \u00e8 resa soltanto per questo Sito e non anche per altri siti web eventualmente consultati dall\u2019utente presenti sul Sito stesso.<\/p>\r\n<p>Questo Sito raccoglie dati necessari alla navigazione e alla fruizione dei servizi ad essa collegati trattandoli in forma anonima ed aggregata. Il Titolare del trattamento non adotta alcun processo decisionale automatizzato, compresa la profilazione, di cui all\u2019articolo 22, paragrafi 1 e 4, del Regolamento.<\/p>\r\n<p>Il conferimento dei dati \u00e8 necessario per perseguire le finalit\u00e0 successivamente indicate e gli stessi non saranno comunicati \u2013 se non per obblighi di legge \u2013 a terzi, n\u00e9 tantomeno diffusi.<\/p>\r\n<p>&nbsp;<\/p>\r\n<p><strong>TITOLARE DEL TRATTAMENTO\u00a0<\/strong><\/p>\r\n<p>Titolare del trattamento \u00e8 l\u2019Associazione Universitaria di Studi Europei, con sede legale fissata presso la sede del Presidente pro-tempore. La Presidente \u00e8 attualmente Daniela Felisini. E-mail: <a href=\"mailto:info@ause.eu\">info@ause.eu<\/a>\u00a0<\/p>\r\n<p>Il Titolare ha nominato responsabili (interni o esterni) del trattamento e persone autorizzate al medesimo, i quali tratteranno i dati secondo le istruzioni impartite dal Titolare stesso e nel rispetto del GDPR.<\/p>\r\n<p>&nbsp;<\/p>\r\n<p><strong>TIPOLOGIA DEI DATI OGGETTO DEL TRATTAMENTO\u00a0<\/strong><\/p>\r\n<p><strong><em>Dati di navigazione<\/em><\/strong>\u00a0\u2013 I sistemi informatici e gli applicativi dedicati al funzionamento di questo Sito web rilevano, nel corso del loro normale funzionamento, alcuni dati (la cui trasmissione \u00e8 implicita nell\u2019uso dei protocolli di comunicazione di Internet) non associati a utenti direttamente identificabili. Tra i dati raccolti sono compresi gli indirizzi IP e i nomi di dominio dei computer utilizzati dagli utenti che si connettono al Sito, gli indirizzi in notazione URI (Uniform Resource Identifier) delle risorse richieste, l\u2019orario della richiesta, il metodo utilizzato per la richiesta al server, le dimensioni del file ottenuto in risposta, il codice numerico indicante lo stato della risposta del server (ad esempio errore, buon fine) ed altri parametri riguardanti il sistema operativo e l\u2019ambiente informatico dell\u2019utente. Questi dati vengono trattati per il tempo strettamente necessario, al fine di ricavare informazioni statistiche anonime sull\u2019uso del Sito e per controllarne il regolare funzionamento.<\/p>\r\n<p><strong><em>Dati forniti volontariamente dall\u2019utente<\/em><\/strong>\u00a0\u2013 L\u2019invio volontario ed esplicito di posta elettronica (nonch\u00e9 degli eventuali dati personali inseriti nella missiva) agli indirizzi indicati su questo Sito e la compilazione dei \u201cform\u201d specificatamente predisposti dal Titolare, comportano la successiva acquisizione dei seguenti dati personali (ad es. dati sanitari, anagrafici, di contatto) necessari per erogare il servizio richiesto.<\/p>\r\n<p>&nbsp;<\/p>\r\n<p><strong>PERIODO DI CONSERVAZIONE<\/strong><\/p>\r\n<p>Tali dati sono trattati unicamente nell\u2019ambito delle finalit\u00e0 di cui al paragrafo che segue, per il periodo massimo previsto dalla normativa di riferimento e, comunque, per il tempo strettamente necessario a soddisfare le medesime.<\/p>\r\n<p>I dati personali la cui raccolta richiede l\u2019esplicito consenso degli utenti (finalit\u00e0 cd. accessorie) saranno trattati per un periodo non superiore a 12 mesi per le operazioni di profilazione, a partire dalla data in cui riceviamo il Suo consenso.<\/p>\r\n<p>Trascorso questo periodo di conservazione, i dati verranno distrutti o resi anonimi.<\/p>\r\n<p>&nbsp;<\/p>\r\n<p><strong>FINALIT\u00c0 DEL TRATTAMENTO<\/strong><\/p>\r\n<p>L\u2019Associazione ha il fondamentale intento di proteggere e sviluppare la molteplicit\u00e0, la multiformit\u00e0 e le diversit\u00e0 nell\u2019ambito della cultura contemporanea.<\/p>\r\n<p>Tutte le attivit\u00e0 associative, incluse quelle condotte tramite il Sito, sono orientate al perseguimento delle predette finalit\u00e0.<\/p>\r\n<p>Il trattamento dei Suoi dati personali sar\u00e0 effettuato per finalit\u00e0 strettamente connesse alla corretta e piena fruizione del Sito e\/o del servizio richiesto. In particolare, per contattare l\u2019Associazione e richiedere informazioni personalizzate tramite l\u2019indirizzo mail <a href=\"mailto:malacodaenteculturale@gmail.com\">malacodaenteculturale@gmail.com<\/a> e\/o eventuale form presente sul sito (con l\u2019indicazione obbligatoria di: nome, cognome e indirizzo e-mail); per raccogliere l\u2019adesione dell\u2019associato all\u2019Associazione tramite l\u2019indirizzo mail <a href=\"mailto:malacodaenteculturale@gmail.com\">malacodaenteculturale@gmail.com<\/a> e\/o eventuale form presente sul sito (con l\u2019indicazione obbligatoria di dati anagrafici e di contatto); nonch\u00e9 per l\u2019osservanza degli obblighi di legge, regolamenti o norme comunitarie a cui l\u2019Associazione \u00e8 tenuta a conformarsi.<\/p>\r\n<p>I Suoi dati saranno, inoltre, trattati per il perseguimento di finalit\u00e0 cc.dd. \u201caccessorie\u201d, sempre previo consenso separato, libero e revocabile in qualunque momento, quali ad esempio:<\/p>\r\n<p>a) partecipazione ad eventi, anche online;<\/p>\r\n<p>b) invio di newsletter;<\/p>\r\n<p>c) adesione di nuovi associati;<\/p>\r\n<p>d) promozione di iniziative esistenti e di nuove analoghe a quelle gi\u00e0 proposte;<\/p>\r\n<p>e) informazioni sulle nuove pubblicazioni e\/o opere della e sulla cultura contemporanea;<\/p>\r\n<p>f) aggiornamenti circa la sensibilizzazione condotta presso gli ambienti politici, economici, sociali e culturali in merito alle problematiche ed alle esigenze della cultura contemporanea.<\/p>\r\n<p>Laddove il Titolare intenda svolgere il trattamento per finalit\u00e0 ulteriori rispetto a quelle sopra indicate, Lei ricever\u00e0 una nuova comunicazione in tal senso.<\/p>\r\n<p>&nbsp;<\/p>\r\n<p><strong>MODALIT\u00c0 DEL TRATTAMENTO<\/strong><\/p>\r\n<p>I Suoi dati personali sono trattati con modalit\u00e0, strumenti e procedure informatiche e\/o analogiche.<\/p>\r\n<p>Specifiche misure di sicurezza tecniche ed organizzative (ad es. crittografia del dato) sono osservate per prevenire la perdita dei dati, gli usi illeciti o non corretti e gli accessi non autorizzati (\u201c<em>data breach<\/em>\u201d). I Suoi dati saranno trattati da persone all\u2019uopo autorizzate dal Titolare, nell\u2019ambito delle rispettive funzioni ed in conformit\u00e0 alle istruzioni da questi ricevute o dal Responsabile del trattamento, esclusivamente per il conseguimento delle finalit\u00e0 indicate nella presente Informativa.<\/p>\r\n<p>&nbsp;<\/p>\r\n<p><strong>AMBITO DI COMUNICAZIONE E DIFFUSIONE DEI DATI PERSONALI<\/strong><\/p>\r\n<p>I dati personali raccolti potranno essere comunicati:<\/p>\r\n<p>\u2013 ai collaboratori del Titolare in qualit\u00e0 di persone autorizzate e\/o Responsabili del trattamento e\/o amministratori di sistema;<\/p>\r\n<p>\u2013 a terzi (a titolo esemplificativo: studi professionali, consulenti, fornitori, partner, enti pubblici) in osservanza di disposizioni di legge o in esecuzione di obblighi contrattuali e nei cui confronti la comunicazione dei dati si renda necessaria, o in quanto soggetti che svolgono attivit\u00e0 in outsourcing per conto del Titolare.<\/p>\r\n<p>L\u2019elenco completo dei soggetti a cui i dati personali sono comunicati, l\u2019elenco delle persone autorizzate, degli amministratori di sistema e dei Responsabili del trattamento dei dati \u00e8 costantemente aggiornato e pu\u00f2 essere conosciuto agevolmente e gratuitamente chiedendolo al Titolare del trattamento.<\/p>\r\n<p>Al di fuori delle ipotesi sopra descritte i Suoi dati personali non verranno diffusi in alcun modo.<\/p>\r\n<p>&nbsp;<\/p>\r\n<p><strong>TRASFERIMENTO DEI DATI PERSONALI<\/strong><\/p>\r\n<p>I dati personali raccolti dal Titolare del trattamento non saranno trasferiti n\u00e9 in Paesi terzi non appartenenti all\u2019Unione Europea, n\u00e9 ad organizzazioni internazionali.<\/p>\r\n<p>&nbsp;<\/p>\r\n<p><strong>DIRITTI DELL\u2019INTERESSATO<\/strong><\/p>\r\n<p>In ogni momento Lei potr\u00e0 esercitare, ai sensi degli artt. 15 e ss. del Regolamento, il diritto di:<\/p>\r\n<p>&nbsp;<\/p>\r\n<ul>\r\n<li>\r\n<ul>\r\n<li>chiedere la conferma dell\u2019esistenza o meno di propri dati personali;<\/li>\r\n<li>ottenere le indicazioni circa le finalit\u00e0 del trattamento, le categorie dei dati personali, i destinatari o le categorie di destinatari a cui i dati personali sono stati o saranno comunicati e, quando possibile, il periodo di conservazione;<\/li>\r\n<li>ottenere la rettifica e la cancellazione dei dati;<\/li>\r\n<li>ottenere la limitazione del trattamento;<\/li>\r\n<li>ottenere la portabilit\u00e0 dei dati, ossia riceverli da un Titolare del trattamento, in un formato strutturato, di uso comune e leggibile da dispositivo automatico, e trasmetterli ad un altro titolare del trattamento senza impedimenti;<\/li>\r\n<li>opporsi al trattamento in qualsiasi momento ed anche nel caso di trattamento per finalit\u00e0 di marketing diretto;<\/li>\r\n<li>opporsi ad un processo decisionale automatizzato relativo alle persone fisiche, compresa la profilazione;<\/li>\r\n<li>chiedere al Titolare del trattamento l\u2019accesso ai dati personali e la rettifica o la cancellazione degli stessi o la limitazione del trattamento che lo riguardano o di opporsi al loro trattamento, oltre al diritto alla portabilit\u00e0 dei dati;<\/li>\r\n<li>revocare il consenso in qualsiasi momento.<\/li>\r\n<\/ul>\r\n<\/li>\r\n<\/ul>\r\n<p>&nbsp;<\/p>\r\n<p>L\u2019utente pu\u00f2 esercitare i diritti di cui sopra con richiesta scritta inviata all\u2019Associazione, all\u2019indirizzo postale della sede legale o all\u2019indirizzo e-mail <a href=\"mailto:info@ause.eu\">info@ause.eu<\/a>.<\/p>\r\n<p>Pu\u00f2, infine, proporre reclamo dinanzi l\u2019Autorit\u00e0 Garante per la Protezione dei Dati Personali.<\/p>\r\n<p>Ultimo aggiornamento: ottobre 2023<\/p>\r\n<p>[\/vc_column_text][\/vc_column][vc_column width=&#8221;1\/3&#8243;][\/vc_column][\/vc_row]<\/p><\/div>","protected":false},"excerpt":{"rendered":"<p>[vc_row css_animation=&#8221;&#8221; row_type=&#8221;row&#8221; use_row_as_full_screen_section=&#8221;no&#8221; type=&#8221;full_width&#8221; angled_section=&#8221;no&#8221; text_align=&#8221;left&#8221; background_image_as_pattern=&#8221;without_pattern&#8221;][vc_column width=&#8221;2\/3&#8243;][vc_column_text] INFORMATIVA PRIVACY\u00a0AI SENSI DEGLI ARTT. 13 E 14 DEL REG. (UE) N. 2016\/679 (\u201cGDPR\u201d) &nbsp; Il trattamento dei dati personali degli utenti che consultano il sito www.ause.eu (di seguito \u201cSito\u201d) \u00e8 improntato ai principi di correttezza,&#8230;<\/p>\n","protected":false},"author":15,"featured_media":0,"parent":0,"menu_order":0,"comment_status":"closed","ping_status":"open","template":"","meta":{"footnotes":""},"class_list":["post-3","page","type-page","status-publish","hentry"],"_links":{"self":[{"href":"https:\/\/www.ause.eu\/en\/wp-json\/wp\/v2\/pages\/3","targetHints":{"allow":["GET"]}}],"collection":[{"href":"https:\/\/www.ause.eu\/en\/wp-json\/wp\/v2\/pages"}],"about":[{"href":"https:\/\/www.ause.eu\/en\/wp-json\/wp\/v2\/types\/page"}],"author":[{"embeddable":true,"href":"https:\/\/www.ause.eu\/en\/wp-json\/wp\/v2\/users\/15"}],"replies":[{"embeddable":true,"href":"https:\/\/www.ause.eu\/en\/wp-json\/wp\/v2\/comments?post=3"}],"version-history":[{"count":4,"href":"https:\/\/www.ause.eu\/en\/wp-json\/wp\/v2\/pages\/3\/revisions"}],"predecessor-version":[{"id":15697,"href":"https:\/\/www.ause.eu\/en\/wp-json\/wp\/v2\/pages\/3\/revisions\/15697"}],"wp:attachment":[{"href":"https:\/\/www.ause.eu\/en\/wp-json\/wp\/v2\/media?parent=3"}],"curies":[{"name":"wp","href":"https:\/\/api.w.org\/{rel}","templated":true}]}}